{"id":817,"date":"2015-03-21T05:03:51","date_gmt":"2015-03-21T05:03:51","guid":{"rendered":"http:\/\/notiissa.mx\/?page_id=817"},"modified":"2015-03-21T21:13:08","modified_gmt":"2015-03-21T21:13:08","slug":"quienes-somos","status":"publish","type":"page","link":"https:\/\/notiissa.mx\/?page_id=817","title":{"rendered":"Qui\u00e9nes somos"},"content":{"rendered":"<h2>Notiissa es un diario informativo digital establecido en la ciudad de Chihuahua desde hace una d\u00e9cada.<\/h2>\n<h2>La principal l\u00ednea editorial est\u00e1 dirigida a divulgar contenidos culturales y de opini\u00f3n que contribuyan al conocimiento y formaci\u00f3n de sus lectores.<\/h2>\n","protected":false},"excerpt":{"rendered":"<p>Notiissa es un diario informativo digital establecido en la ciudad de Chihuahua desde hace una d\u00e9cada. La principal l\u00ednea editorial est\u00e1 dirigida a divulgar contenidos culturales y de opini\u00f3n que contribuyan al conocimiento y formaci\u00f3n de sus lectores.<\/p>\n","protected":false},"author":1,"featured_media":837,"parent":0,"menu_order":0,"comment_status":"open","ping_status":"open","template":"","meta":{"rop_custom_images_group":[],"rop_custom_messages_group":[],"rop_publish_now":"initial","rop_publish_now_accounts":[],"rop_publish_now_history":[],"rop_publish_now_status":"pending","footnotes":""},"class_list":["post-817","page","type-page","status-publish","has-post-thumbnail","hentry"],"_links":{"self":[{"href":"https:\/\/notiissa.mx\/index.php?rest_route=\/wp\/v2\/pages\/817","targetHints":{"allow":["GET"]}}],"collection":[{"href":"https:\/\/notiissa.mx\/index.php?rest_route=\/wp\/v2\/pages"}],"about":[{"href":"https:\/\/notiissa.mx\/index.php?rest_route=\/wp\/v2\/types\/page"}],"author":[{"embeddable":true,"href":"https:\/\/notiissa.mx\/index.php?rest_route=\/wp\/v2\/users\/1"}],"replies":[{"embeddable":true,"href":"https:\/\/notiissa.mx\/index.php?rest_route=%2Fwp%2Fv2%2Fcomments&post=817"}],"version-history":[{"count":7,"href":"https:\/\/notiissa.mx\/index.php?rest_route=\/wp\/v2\/pages\/817\/revisions"}],"predecessor-version":[{"id":845,"href":"https:\/\/notiissa.mx\/index.php?rest_route=\/wp\/v2\/pages\/817\/revisions\/845"}],"wp:featuredmedia":[{"embeddable":true,"href":"https:\/\/notiissa.mx\/index.php?rest_route=\/wp\/v2\/media\/837"}],"wp:attachment":[{"href":"https:\/\/notiissa.mx\/index.php?rest_route=%2Fwp%2Fv2%2Fmedia&parent=817"}],"curies":[{"name":"wp","href":"https:\/\/api.w.org\/{rel}","templated":true}]}}